{"id":601,"date":"2022-02-11T00:58:25","date_gmt":"2022-02-10T23:58:25","guid":{"rendered":"http:\/\/espacemariamontessori.fr\/?page_id=601"},"modified":"2024-01-04T22:41:48","modified_gmt":"2024-01-04T21:41:48","slug":"classe-6-12-ans","status":"publish","type":"page","link":"http:\/\/espacemariamontessori.fr\/index.php\/classe-6-12-ans\/","title":{"rendered":"Classe 6-12 ans"},"content":{"rendered":"\n\n\t<h2>Classe 6-12 ans<\/h2>\n<p>Les enfants poursuivent leurs apprentissages au sein d&rsquo;une nouvelle ambiance r\u00e9pondant \u00e0 de nouveaux besoins : besoin de comprendre en profondeur, besoin de cr\u00e9er du lien, de collaborer entre \u00e9l\u00e8ves, de construire son rapport aux autres &#8230;<\/p>\n<p>Cette approche p\u00e9dagogique permet aux enfants d&rsquo;acqu\u00e9rir les comp\u00e9tences dans les diff\u00e9rents domaines, en accord avec les programmes scolaires, tout en favorisant les projets personnels et les d\u00e9couvertes dans les domaines culturels et scientifiques en coh\u00e9rence avec les principes de l&rsquo;\u00e9ducation cosmique d\u00e9finis par Maria Montessori.<\/p>\n<p>Ils \u00e9voluent au sein d&rsquo;un groupe multi-\u00e2ge, et b\u00e9n\u00e9ficient d&rsquo;une classe riche en mat\u00e9riels p\u00e9dagogiques, mais peuvent \u00e9galement organiser des activit\u00e9s p\u00e9dagogiques \u00e0 l&rsquo;ext\u00e9rieur de la classe multipliant les occasions d&rsquo;apprentissage.<\/p>\n\t<p>De 6 \u00e0 12 ans, \u00abc&rsquo;est une p\u00e9riode de croissance, mais sans transformations \u00bb, c&rsquo;est une p\u00e9riode de calme au niveau du d\u00e9veloppement ; C&rsquo;est aussi l&rsquo;\u00e2ge de la raison ! Les enfants sont capables de raisonner et de se raisonner, ils sont dot\u00e9s d&rsquo;une <strong>grande curiosit\u00e9 &#8211; <\/strong>ils veulent savoir tout sur tout -, ils sont plus calmes et sereins.<\/p>\n<p>C&rsquo;est aussi la p\u00e9riode durant laquelle ils deviennent plus forts physiquement, plus ind\u00e9pendants par rapport \u00e0 leurs parents. Ils recherchent la compagnie de leurs pairs en \u00e9tant capable de faire passer l&rsquo;int\u00e9r\u00eat du groupe avant leur propre int\u00e9r\u00eat. Ils construisent leurs relations sociales et sont attentifs \u00e0 l&rsquo;\u00e9quit\u00e9. Ils ont besoin de mettre du sens, de comprendre l&rsquo;origine des choses et de cr\u00e9er du lien entre les connaissances et leur environnement.<\/p>\n<p>La p\u00e9dagogie Montessori permet aux enfants de s&rsquo;int\u00e9resser \u00e0 de nombreux domaines en suivant les principes de l&rsquo;\u00e9ducation cosmique : g\u00e9ologie, g\u00e9ographie, histoire, chimie, arts &#8230; sont explor\u00e9s pour le plaisir d&rsquo;apprendre et d&rsquo;acqu\u00e9rir des comp\u00e9tences vari\u00e9es ainsi qu&rsquo;une m\u00e9thodologie de travail.<\/p>\n<p>Dans cette classe, on retrouve :<\/p>\n<ul>\n<li>un groupe multi-\u00e2ge<\/li>\n<li>un accompagnement individualis\u00e9 s&rsquo;adaptant \u00e0 l&rsquo;enfant<\/li>\n<li>la possibilit\u00e9 de travailler seul ou \u00e0 plusieurs<\/li>\n<li>p\u00e9dagogie favorisant l&rsquo;entre-aide et l&rsquo;estime de soi<\/li>\n<li>un mat\u00e9riel p\u00e9dagogique riche<\/li>\n<li>une classe ouverte sur le monde, accueillant des intervenants et permettant l&rsquo;exploration du \u00ab\u00a0monde\u00a0\u00bb<\/li>\n<\/ul>\n<p>Tous les domaines du cycle 2 et du cycle 3 sont abord\u00e9s au cours de la semaine : connaissance de la langue fran\u00e7ais, num\u00e9ration, g\u00e9om\u00e9trie, anglais, sciences, EPS, arts &#8230;<\/p>\n<p>&nbsp;<\/p>\n<p>Les \u00e9l\u00e8ves qui le souhaitent peuvent poursuivre en cycle 4 au sein de l&rsquo;EMMA jusqu&rsquo;\u00e0 la classe de 3\u00e8me et pr\u00e9parer le Brevet des Coll\u00e8ges, ou s&rsquo;orienter vers un coll\u00e8ge sous-contrat classique.<\/p>\n\t\t\t\t<img loading=\"lazy\" src=\"http:\/\/espacemariamontessori.fr\/wp-content\/uploads\/2022\/05\/Une-ecole-Montessori-a-taille-humaine.-4.png\" alt=\"Une \u00e9cole Montessori \u00e0 taille humaine. (4)\" itemprop=\"image\" height=\"924\" width=\"1640\" title=\"Une \u00e9cole Montessori \u00e0 taille humaine. (4)\" onerror=\"this.style.display='none'\"  \/>\n\t\t\t\t<img loading=\"lazy\" src=\"http:\/\/espacemariamontessori.fr\/wp-content\/uploads\/2022\/05\/Une-ecole-Montessori-a-taille-humaine.-2-300x169.png\" alt=\"Une \u00e9cole Montessori \u00e0 taille humaine. (2)\" itemprop=\"image\" height=\"169\" width=\"300\" title=\"Une \u00e9cole Montessori \u00e0 taille humaine. (2)\" onerror=\"this.style.display='none'\"  \/>\n\t<h4>EMMA en pratique<\/h4>\n<p>21-23 rue Chevreul 49100 ANGERS<\/p>\n<p>-Tramway lignes A, B et C : arr\u00eats \u00ab\u00a0H\u00f4tel de Ville\u00a0\u00bb, \u00ab\u00a0Centre des Congr\u00e8s\u00a0\u00bb et \u00ab\u00a0Ralliement\u00a0\u00bb\u00a0 + nombreuses lignes de bus \u00e0 proximit\u00e9.<\/p>\n<p>-L&rsquo;entr\u00e9e se fait par la cour accessible par le porche.<\/p>\n<p>T\u00e9l\u00e9phone : 02 55 98 84 87<\/p>\n<p>Email : espacemariamontessori@gmail.com<\/p>\n\n","protected":false},"excerpt":{"rendered":"<p>Classe 6-12 ans Les enfants poursuivent leurs apprentissages au sein d&rsquo;une nouvelle ambiance r\u00e9pondant \u00e0 de nouveaux besoins : besoin de comprendre en profondeur, besoin de cr\u00e9er du lien, de collaborer entre \u00e9l\u00e8ves, de construire son rapport aux autres &#8230; Cette approche p\u00e9dagogique permet aux enfants d&rsquo;acqu\u00e9rir les comp\u00e9tences dans les diff\u00e9rents domaines, en accord [&hellip;]<\/p>\n","protected":false},"author":1,"featured_media":0,"parent":0,"menu_order":0,"comment_status":"closed","ping_status":"closed","template":"template-page-builder.php","meta":[],"_links":{"self":[{"href":"http:\/\/espacemariamontessori.fr\/index.php\/wp-json\/wp\/v2\/pages\/601"}],"collection":[{"href":"http:\/\/espacemariamontessori.fr\/index.php\/wp-json\/wp\/v2\/pages"}],"about":[{"href":"http:\/\/espacemariamontessori.fr\/index.php\/wp-json\/wp\/v2\/types\/page"}],"author":[{"embeddable":true,"href":"http:\/\/espacemariamontessori.fr\/index.php\/wp-json\/wp\/v2\/users\/1"}],"replies":[{"embeddable":true,"href":"http:\/\/espacemariamontessori.fr\/index.php\/wp-json\/wp\/v2\/comments?post=601"}],"version-history":[{"count":9,"href":"http:\/\/espacemariamontessori.fr\/index.php\/wp-json\/wp\/v2\/pages\/601\/revisions"}],"predecessor-version":[{"id":927,"href":"http:\/\/espacemariamontessori.fr\/index.php\/wp-json\/wp\/v2\/pages\/601\/revisions\/927"}],"wp:attachment":[{"href":"http:\/\/espacemariamontessori.fr\/index.php\/wp-json\/wp\/v2\/media?parent=601"}],"curies":[{"name":"wp","href":"https:\/\/api.w.org\/{rel}","templated":true}]}}